{"id":1228,"date":"2025-12-16T17:40:33","date_gmt":"2025-12-16T16:40:33","guid":{"rendered":"https:\/\/www.e-industria.eu\/?page_id=1228"},"modified":"2026-01-03T10:45:25","modified_gmt":"2026-01-03T09:45:25","slug":"ponuka-spoluprace","status":"publish","type":"page","link":"https:\/\/www.e-industria.eu\/?page_id=1228","title":{"rendered":"Ponuka spolupr\u00e1ce"},"content":{"rendered":"\t\t<div data-elementor-type=\"wp-page\" data-elementor-id=\"1228\" class=\"elementor elementor-1228\">\n\t\t\t\t<div class=\"elementor-element elementor-element-aeaa2e5 e-flex e-con-boxed e-con e-parent\" data-id=\"aeaa2e5\" data-element_type=\"container\">\n\t\t\t\t\t<div class=\"e-con-inner\">\n\t\t\t\t<div class=\"elementor-element elementor-element-5ea28a7 elementor-widget elementor-widget-heading\" data-id=\"5ea28a7\" data-element_type=\"widget\" data-widget_type=\"heading.default\">\n\t\t\t\t\t<h1 class=\"elementor-heading-title elementor-size-default\">Ponuka spolupr\u00e1ce<\/h1>\t\t\t\t<\/div>\n\t\t\t\t\t<\/div>\n\t\t\t\t<\/div>\n\t\t<div class=\"elementor-element elementor-element-6fc0fe6 e-flex e-con-boxed e-con e-parent\" data-id=\"6fc0fe6\" data-element_type=\"container\">\n\t\t\t\t\t<div class=\"e-con-inner\">\n\t\t\t\t<div class=\"elementor-element elementor-element-318fd33 elementor-widget elementor-widget-text-editor\" data-id=\"318fd33\" data-element_type=\"widget\" data-widget_type=\"text-editor.default\">\n\t\t\t\t\t\t\t\t\t<p style=\"text-align: center;\"><span style=\"text-decoration: underline;\"><strong><span style=\"color: #000000; text-decoration: underline;\">V roku 2026 m\u00e1me ve\u013ea zauj\u00edmav\u00fdch kr\u00e1tkodob\u00fdch, aj dlhodob\u00fdch projektov<\/span><\/strong><\/span><\/p><p style=\"text-align: center;\"><span style=\"color: #000000;\"> H\u013ead\u00e1me <b>nov\u00fdch partnerov<\/b>\u00a0a pon\u00fakame\u00a0<b>\u0161irok\u00e9 mo\u017enosti spolupr\u00e1ce<\/b>\u00a0pre\u00a0<b>\u017eivnostn\u00edkov (SZ\u010cO), jednotlivcov, t\u00edmy, ale aj firmy<\/b>.<\/span>\u00a0<strong><span style=\"color: #ff0000;\">Ak h\u013ead\u00e1te stabiln\u00e9ho partnera, ktor\u00fd v\u00e1m pom\u00f4\u017ee r\u00e1s\u0165 a dosahova\u0165 spolo\u010dn\u00e9 ciele, sme tu pre v\u00e1s.<\/span><\/strong><\/p><p style=\"text-align: center;\"><em><span style=\"text-decoration: underline;\"><span style=\"color: #ff0000;\"><strong>V pr\u00edpade z\u00e1ujmu o spolupr\u00e1cu, kontaktujte n\u00e1s.<\/strong><\/span><\/span><\/em><\/p>\t\t\t\t\t\t\t\t<\/div>\n\t\t\t\t\t<\/div>\n\t\t\t\t<\/div>\n\t\t<div class=\"elementor-element elementor-element-5d2d8fb e-flex e-con-boxed e-con e-parent\" data-id=\"5d2d8fb\" data-element_type=\"container\">\n\t\t\t\t\t<div class=\"e-con-inner\">\n\t\t\t\t<div class=\"elementor-element elementor-element-c952898 elementor-invisible elementor-widget elementor-widget-heading\" data-id=\"c952898\" data-element_type=\"widget\" data-settings=\"{&quot;_animation&quot;:&quot;zoomIn&quot;}\" data-widget_type=\"heading.default\">\n\t\t\t\t\t<h1 class=\"elementor-heading-title elementor-size-default\"><a href=\"https:\/\/www.e-industria.eu\/?page_id=39\" target=\"_blank\">Zobrazi\u0165 kontaktn\u00e9 \u00fadaje<\/a><\/h1>\t\t\t\t<\/div>\n\t\t\t\t\t<\/div>\n\t\t\t\t<\/div>\n\t\t\t\t<\/div>\n\t\t","protected":false},"excerpt":{"rendered":"<p>Ponuka spolupr\u00e1ce V roku 2026 m\u00e1me ve\u013ea zauj\u00edmav\u00fdch kr\u00e1tkodob\u00fdch, aj dlhodob\u00fdch projektov H\u013ead\u00e1me nov\u00fdch partnerov\u00a0a pon\u00fakame\u00a0\u0161irok\u00e9 mo\u017enosti spolupr\u00e1ce\u00a0pre\u00a0\u017eivnostn\u00edkov (SZ\u010cO), jednotlivcov, t\u00edmy, ale aj firmy.\u00a0Ak h\u013ead\u00e1te stabiln\u00e9ho partnera, ktor\u00fd v\u00e1m pom\u00f4\u017ee r\u00e1s\u0165 a dosahova\u0165 spolo\u010dn\u00e9 ciele, sme tu pre v\u00e1s. V pr\u00edpade z\u00e1ujmu o spolupr\u00e1cu, kontaktujte n\u00e1s. Zobrazi\u0165 kontaktn\u00e9 \u00fadaje<\/p>\n","protected":false},"author":1,"featured_media":0,"parent":0,"menu_order":0,"comment_status":"closed","ping_status":"closed","template":"","meta":{"_kad_post_transparent":"","_kad_post_title":"hide","_kad_post_layout":"fullwidth","_kad_post_sidebar_id":"","_kad_post_content_style":"unboxed","_kad_post_vertical_padding":"hide","_kad_post_feature":"hide","_kad_post_feature_position":"","_kad_post_header":false,"_kad_post_footer":false,"_kad_post_classname":"","footnotes":""},"class_list":["post-1228","page","type-page","status-publish","hentry"],"_links":{"self":[{"href":"https:\/\/www.e-industria.eu\/index.php?rest_route=\/wp\/v2\/pages\/1228","targetHints":{"allow":["GET"]}}],"collection":[{"href":"https:\/\/www.e-industria.eu\/index.php?rest_route=\/wp\/v2\/pages"}],"about":[{"href":"https:\/\/www.e-industria.eu\/index.php?rest_route=\/wp\/v2\/types\/page"}],"author":[{"embeddable":true,"href":"https:\/\/www.e-industria.eu\/index.php?rest_route=\/wp\/v2\/users\/1"}],"replies":[{"embeddable":true,"href":"https:\/\/www.e-industria.eu\/index.php?rest_route=%2Fwp%2Fv2%2Fcomments&post=1228"}],"version-history":[{"count":19,"href":"https:\/\/www.e-industria.eu\/index.php?rest_route=\/wp\/v2\/pages\/1228\/revisions"}],"predecessor-version":[{"id":1277,"href":"https:\/\/www.e-industria.eu\/index.php?rest_route=\/wp\/v2\/pages\/1228\/revisions\/1277"}],"wp:attachment":[{"href":"https:\/\/www.e-industria.eu\/index.php?rest_route=%2Fwp%2Fv2%2Fmedia&parent=1228"}],"curies":[{"name":"wp","href":"https:\/\/api.w.org\/{rel}","templated":true}]}}