{"id":1272,"date":"2026-02-01T13:12:26","date_gmt":"2026-02-01T12:12:26","guid":{"rendered":"https:\/\/www.e-industria.eu\/?page_id=1272"},"modified":"2026-02-01T13:17:14","modified_gmt":"2026-02-01T12:17:14","slug":"projekt-kupferzell-nemecko","status":"publish","type":"page","link":"https:\/\/www.e-industria.eu\/?page_id=1272","title":{"rendered":"Projekt Kupferzell, Nemecko"},"content":{"rendered":"\t\t<div data-elementor-type=\"wp-page\" data-elementor-id=\"1272\" class=\"elementor elementor-1272\">\n\t\t\t\t<div class=\"elementor-element elementor-element-44db5208 e-flex e-con-boxed e-con e-parent\" data-id=\"44db5208\" data-element_type=\"container\">\n\t\t\t\t\t<div class=\"e-con-inner\">\n\t\t\t\t<div class=\"elementor-element elementor-element-3ae35cc0 elementor-widget elementor-widget-heading\" data-id=\"3ae35cc0\" data-element_type=\"widget\" data-widget_type=\"heading.default\">\n\t\t\t\t\t<h2 class=\"elementor-heading-title elementor-size-default\">Prebiehaj\u00faci projekt<\/h2>\t\t\t\t<\/div>\n\t\t\t\t\t<\/div>\n\t\t\t\t<\/div>\n\t\t<div class=\"elementor-element elementor-element-23dcd310 e-flex e-con-boxed e-con e-parent\" data-id=\"23dcd310\" data-element_type=\"container\">\n\t\t\t\t\t<div class=\"e-con-inner\">\n\t\t\t\t<div class=\"elementor-element elementor-element-4cc6a7d7 elementor-widget elementor-widget-text-editor\" data-id=\"4cc6a7d7\" data-element_type=\"widget\" data-widget_type=\"text-editor.default\">\n\t\t\t\t\t\t\t\t\t<div class=\"contentgroup__heading \"><div><strong><strong><span style=\"color: #000000;\"><span class=\"wysiwyg-font-size-28\">Projekt: Kupferzell<\/span><\/span><\/strong><\/strong><strong><span style=\"color: #000000;\"><span class=\"wysiwyg-font-size-28\">, <\/span><span class=\"wysiwyg-font-size-28\">Nemecko<\/span><\/span><\/strong><\/div><\/div><div class=\"contentgroup__body \"><p class=\"h1--preheadline header__overline\"><strong><span style=\"color: #ff0000;\"><span dir=\"auto\">Inteligentn\u00e9 \u00falo\u017eisko bat\u00e9rie, <\/span><span dir=\"auto\">Zosil\u0148ova\u010d siete<\/span><\/span><\/strong><\/p><\/div>\t\t\t\t\t\t\t\t<\/div>\n\t\t\t\t\t<\/div>\n\t\t\t\t<\/div>\n\t\t<div class=\"elementor-element elementor-element-123a6900 e-flex e-con-boxed e-con e-parent\" data-id=\"123a6900\" data-element_type=\"container\">\n\t\t\t\t\t<div class=\"e-con-inner\">\n\t\t\t\t<div class=\"elementor-element elementor-element-758c9a81 elementor-widget elementor-widget-image-gallery\" data-id=\"758c9a81\" data-element_type=\"widget\" data-widget_type=\"image-gallery.default\">\n\t\t\t\t\t\t\t<div class=\"elementor-image-gallery\">\n\t\t\t<div id='gallery-1' class='gallery galleryid-1272 gallery-columns-5 gallery-size-thumbnail'><figure class='gallery-item'>\n\t\t\t<div class='gallery-icon landscape'>\n\t\t\t\t<a data-elementor-open-lightbox=\"yes\" data-elementor-lightbox-slideshow=\"758c9a81\" data-elementor-lightbox-title=\"20251212_162613\" data-e-action-hash=\"#elementor-action%3Aaction%3Dlightbox%26settings%3DeyJpZCI6MTQ0NiwidXJsIjoiaHR0cHM6XC9cL3d3dy5lLWluZHVzdHJpYS5ldVwvd3AtY29udGVudFwvdXBsb2Fkc1wvMjAyNlwvMDJcLzIwMjUxMjEyXzE2MjYxMy1zY2FsZWQuanBnIiwic2xpZGVzaG93IjoiNzU4YzlhODEifQ%3D%3D\" href='https:\/\/www.e-industria.eu\/wp-content\/uploads\/2026\/02\/20251212_162613-scaled.jpg'><img decoding=\"async\" width=\"150\" height=\"150\" src=\"https:\/\/www.e-industria.eu\/wp-content\/uploads\/2026\/02\/20251212_162613-150x150.jpg\" class=\"attachment-thumbnail size-thumbnail\" alt=\"\" \/><\/a>\n\t\t\t<\/div><\/figure><figure class='gallery-item'>\n\t\t\t<div class='gallery-icon landscape'>\n\t\t\t\t<a data-elementor-open-lightbox=\"yes\" data-elementor-lightbox-slideshow=\"758c9a81\" data-elementor-lightbox-title=\"20251212_161911\" data-e-action-hash=\"#elementor-action%3Aaction%3Dlightbox%26settings%3DeyJpZCI6MTQ0NSwidXJsIjoiaHR0cHM6XC9cL3d3dy5lLWluZHVzdHJpYS5ldVwvd3AtY29udGVudFwvdXBsb2Fkc1wvMjAyNlwvMDJcLzIwMjUxMjEyXzE2MTkxMS1zY2FsZWQuanBnIiwic2xpZGVzaG93IjoiNzU4YzlhODEifQ%3D%3D\" href='https:\/\/www.e-industria.eu\/wp-content\/uploads\/2026\/02\/20251212_161911-scaled.jpg'><img decoding=\"async\" width=\"150\" height=\"150\" src=\"https:\/\/www.e-industria.eu\/wp-content\/uploads\/2026\/02\/20251212_161911-150x150.jpg\" class=\"attachment-thumbnail size-thumbnail\" alt=\"\" \/><\/a>\n\t\t\t<\/div><\/figure><figure class='gallery-item'>\n\t\t\t<div class='gallery-icon landscape'>\n\t\t\t\t<a data-elementor-open-lightbox=\"yes\" data-elementor-lightbox-slideshow=\"758c9a81\" data-elementor-lightbox-title=\"20251212_131334\" data-e-action-hash=\"#elementor-action%3Aaction%3Dlightbox%26settings%3DeyJpZCI6MTQzNywidXJsIjoiaHR0cHM6XC9cL3d3dy5lLWluZHVzdHJpYS5ldVwvd3AtY29udGVudFwvdXBsb2Fkc1wvMjAyNlwvMDJcLzIwMjUxMjEyXzEzMTMzNC1zY2FsZWQuanBnIiwic2xpZGVzaG93IjoiNzU4YzlhODEifQ%3D%3D\" href='https:\/\/www.e-industria.eu\/wp-content\/uploads\/2026\/02\/20251212_131334-scaled.jpg'><img decoding=\"async\" width=\"150\" height=\"150\" src=\"https:\/\/www.e-industria.eu\/wp-content\/uploads\/2026\/02\/20251212_131334-150x150.jpg\" class=\"attachment-thumbnail size-thumbnail\" alt=\"\" \/><\/a>\n\t\t\t<\/div><\/figure><figure class='gallery-item'>\n\t\t\t<div class='gallery-icon landscape'>\n\t\t\t\t<a data-elementor-open-lightbox=\"yes\" data-elementor-lightbox-slideshow=\"758c9a81\" data-elementor-lightbox-title=\"20251212_131345\" data-e-action-hash=\"#elementor-action%3Aaction%3Dlightbox%26settings%3DeyJpZCI6MTQzOCwidXJsIjoiaHR0cHM6XC9cL3d3dy5lLWluZHVzdHJpYS5ldVwvd3AtY29udGVudFwvdXBsb2Fkc1wvMjAyNlwvMDJcLzIwMjUxMjEyXzEzMTM0NS1zY2FsZWQuanBnIiwic2xpZGVzaG93IjoiNzU4YzlhODEifQ%3D%3D\" href='https:\/\/www.e-industria.eu\/wp-content\/uploads\/2026\/02\/20251212_131345-scaled.jpg'><img loading=\"lazy\" decoding=\"async\" width=\"150\" height=\"150\" src=\"https:\/\/www.e-industria.eu\/wp-content\/uploads\/2026\/02\/20251212_131345-150x150.jpg\" class=\"attachment-thumbnail size-thumbnail\" alt=\"\" \/><\/a>\n\t\t\t<\/div><\/figure><figure class='gallery-item'>\n\t\t\t<div class='gallery-icon landscape'>\n\t\t\t\t<a data-elementor-open-lightbox=\"yes\" data-elementor-lightbox-slideshow=\"758c9a81\" data-elementor-lightbox-title=\"20251212_161827\" data-e-action-hash=\"#elementor-action%3Aaction%3Dlightbox%26settings%3DeyJpZCI6MTQ0NCwidXJsIjoiaHR0cHM6XC9cL3d3dy5lLWluZHVzdHJpYS5ldVwvd3AtY29udGVudFwvdXBsb2Fkc1wvMjAyNlwvMDJcLzIwMjUxMjEyXzE2MTgyNy1zY2FsZWQuanBnIiwic2xpZGVzaG93IjoiNzU4YzlhODEifQ%3D%3D\" href='https:\/\/www.e-industria.eu\/wp-content\/uploads\/2026\/02\/20251212_161827-scaled.jpg'><img loading=\"lazy\" decoding=\"async\" width=\"150\" height=\"150\" src=\"https:\/\/www.e-industria.eu\/wp-content\/uploads\/2026\/02\/20251212_161827-150x150.jpg\" class=\"attachment-thumbnail size-thumbnail\" alt=\"\" \/><\/a>\n\t\t\t<\/div><\/figure><figure class='gallery-item'>\n\t\t\t<div class='gallery-icon landscape'>\n\t\t\t\t<a data-elementor-open-lightbox=\"yes\" data-elementor-lightbox-slideshow=\"758c9a81\" data-elementor-lightbox-title=\"20251212_140757\" data-e-action-hash=\"#elementor-action%3Aaction%3Dlightbox%26settings%3DeyJpZCI6MTQzOSwidXJsIjoiaHR0cHM6XC9cL3d3dy5lLWluZHVzdHJpYS5ldVwvd3AtY29udGVudFwvdXBsb2Fkc1wvMjAyNlwvMDJcLzIwMjUxMjEyXzE0MDc1Ny1zY2FsZWQuanBnIiwic2xpZGVzaG93IjoiNzU4YzlhODEifQ%3D%3D\" href='https:\/\/www.e-industria.eu\/wp-content\/uploads\/2026\/02\/20251212_140757-scaled.jpg'><img loading=\"lazy\" decoding=\"async\" width=\"150\" height=\"150\" src=\"https:\/\/www.e-industria.eu\/wp-content\/uploads\/2026\/02\/20251212_140757-150x150.jpg\" class=\"attachment-thumbnail size-thumbnail\" alt=\"\" \/><\/a>\n\t\t\t<\/div><\/figure><figure class='gallery-item'>\n\t\t\t<div class='gallery-icon landscape'>\n\t\t\t\t<a data-elementor-open-lightbox=\"yes\" data-elementor-lightbox-slideshow=\"758c9a81\" data-elementor-lightbox-title=\"20251212_141307\" data-e-action-hash=\"#elementor-action%3Aaction%3Dlightbox%26settings%3DeyJpZCI6MTQ0MCwidXJsIjoiaHR0cHM6XC9cL3d3dy5lLWluZHVzdHJpYS5ldVwvd3AtY29udGVudFwvdXBsb2Fkc1wvMjAyNlwvMDJcLzIwMjUxMjEyXzE0MTMwNy1zY2FsZWQuanBnIiwic2xpZGVzaG93IjoiNzU4YzlhODEifQ%3D%3D\" href='https:\/\/www.e-industria.eu\/wp-content\/uploads\/2026\/02\/20251212_141307-scaled.jpg'><img loading=\"lazy\" decoding=\"async\" width=\"150\" height=\"150\" src=\"https:\/\/www.e-industria.eu\/wp-content\/uploads\/2026\/02\/20251212_141307-150x150.jpg\" class=\"attachment-thumbnail size-thumbnail\" alt=\"\" \/><\/a>\n\t\t\t<\/div><\/figure><figure class='gallery-item'>\n\t\t\t<div class='gallery-icon landscape'>\n\t\t\t\t<a data-elementor-open-lightbox=\"yes\" data-elementor-lightbox-slideshow=\"758c9a81\" data-elementor-lightbox-title=\"20251212_141312\" data-e-action-hash=\"#elementor-action%3Aaction%3Dlightbox%26settings%3DeyJpZCI6MTQ0MSwidXJsIjoiaHR0cHM6XC9cL3d3dy5lLWluZHVzdHJpYS5ldVwvd3AtY29udGVudFwvdXBsb2Fkc1wvMjAyNlwvMDJcLzIwMjUxMjEyXzE0MTMxMi1zY2FsZWQuanBnIiwic2xpZGVzaG93IjoiNzU4YzlhODEifQ%3D%3D\" href='https:\/\/www.e-industria.eu\/wp-content\/uploads\/2026\/02\/20251212_141312-scaled.jpg'><img loading=\"lazy\" decoding=\"async\" width=\"150\" height=\"150\" src=\"https:\/\/www.e-industria.eu\/wp-content\/uploads\/2026\/02\/20251212_141312-150x150.jpg\" class=\"attachment-thumbnail size-thumbnail\" alt=\"\" \/><\/a>\n\t\t\t<\/div><\/figure><figure class='gallery-item'>\n\t\t\t<div class='gallery-icon landscape'>\n\t\t\t\t<a data-elementor-open-lightbox=\"yes\" data-elementor-lightbox-slideshow=\"758c9a81\" data-elementor-lightbox-title=\"20251212_141553\" data-e-action-hash=\"#elementor-action%3Aaction%3Dlightbox%26settings%3DeyJpZCI6MTQ0MiwidXJsIjoiaHR0cHM6XC9cL3d3dy5lLWluZHVzdHJpYS5ldVwvd3AtY29udGVudFwvdXBsb2Fkc1wvMjAyNlwvMDJcLzIwMjUxMjEyXzE0MTU1My1zY2FsZWQuanBnIiwic2xpZGVzaG93IjoiNzU4YzlhODEifQ%3D%3D\" href='https:\/\/www.e-industria.eu\/wp-content\/uploads\/2026\/02\/20251212_141553-scaled.jpg'><img loading=\"lazy\" decoding=\"async\" width=\"150\" height=\"150\" src=\"https:\/\/www.e-industria.eu\/wp-content\/uploads\/2026\/02\/20251212_141553-150x150.jpg\" class=\"attachment-thumbnail size-thumbnail\" alt=\"\" \/><\/a>\n\t\t\t<\/div><\/figure><figure class='gallery-item'>\n\t\t\t<div class='gallery-icon landscape'>\n\t\t\t\t<a data-elementor-open-lightbox=\"yes\" data-elementor-lightbox-slideshow=\"758c9a81\" data-elementor-lightbox-title=\"20251212_141638\" data-e-action-hash=\"#elementor-action%3Aaction%3Dlightbox%26settings%3DeyJpZCI6MTQ0MywidXJsIjoiaHR0cHM6XC9cL3d3dy5lLWluZHVzdHJpYS5ldVwvd3AtY29udGVudFwvdXBsb2Fkc1wvMjAyNlwvMDJcLzIwMjUxMjEyXzE0MTYzOC1zY2FsZWQuanBnIiwic2xpZGVzaG93IjoiNzU4YzlhODEifQ%3D%3D\" href='https:\/\/www.e-industria.eu\/wp-content\/uploads\/2026\/02\/20251212_141638-scaled.jpg'><img loading=\"lazy\" decoding=\"async\" width=\"150\" height=\"150\" src=\"https:\/\/www.e-industria.eu\/wp-content\/uploads\/2026\/02\/20251212_141638-150x150.jpg\" class=\"attachment-thumbnail size-thumbnail\" alt=\"\" \/><\/a>\n\t\t\t<\/div><\/figure>\n\t\t<\/div>\n\t\t<\/div>\n\t\t\t\t\t\t<\/div>\n\t\t\t\t\t<\/div>\n\t\t\t\t<\/div>\n\t\t\t\t<\/div>\n\t\t","protected":false},"excerpt":{"rendered":"<p>Prebiehaj\u00faci projekt Projekt: Kupferzell, Nemecko Inteligentn\u00e9 \u00falo\u017eisko bat\u00e9rie, Zosil\u0148ova\u010d siete<\/p>\n","protected":false},"author":1,"featured_media":0,"parent":0,"menu_order":0,"comment_status":"closed","ping_status":"closed","template":"","meta":{"_kad_post_transparent":"","_kad_post_title":"hide","_kad_post_layout":"fullwidth","_kad_post_sidebar_id":"","_kad_post_content_style":"unboxed","_kad_post_vertical_padding":"hide","_kad_post_feature":"hide","_kad_post_feature_position":"","_kad_post_header":false,"_kad_post_footer":false,"_kad_post_classname":"","footnotes":""},"class_list":["post-1272","page","type-page","status-publish","hentry"],"_links":{"self":[{"href":"https:\/\/www.e-industria.eu\/index.php?rest_route=\/wp\/v2\/pages\/1272","targetHints":{"allow":["GET"]}}],"collection":[{"href":"https:\/\/www.e-industria.eu\/index.php?rest_route=\/wp\/v2\/pages"}],"about":[{"href":"https:\/\/www.e-industria.eu\/index.php?rest_route=\/wp\/v2\/types\/page"}],"author":[{"embeddable":true,"href":"https:\/\/www.e-industria.eu\/index.php?rest_route=\/wp\/v2\/users\/1"}],"replies":[{"embeddable":true,"href":"https:\/\/www.e-industria.eu\/index.php?rest_route=%2Fwp%2Fv2%2Fcomments&post=1272"}],"version-history":[{"count":7,"href":"https:\/\/www.e-industria.eu\/index.php?rest_route=\/wp\/v2\/pages\/1272\/revisions"}],"predecessor-version":[{"id":1453,"href":"https:\/\/www.e-industria.eu\/index.php?rest_route=\/wp\/v2\/pages\/1272\/revisions\/1453"}],"wp:attachment":[{"href":"https:\/\/www.e-industria.eu\/index.php?rest_route=%2Fwp%2Fv2%2Fmedia&parent=1272"}],"curies":[{"name":"wp","href":"https:\/\/api.w.org\/{rel}","templated":true}]}}