{"id":130,"date":"2025-08-26T22:18:45","date_gmt":"2025-08-26T20:18:45","guid":{"rendered":"https:\/\/www.e-industria.eu\/?page_id=130"},"modified":"2025-09-29T08:57:47","modified_gmt":"2025-09-29T06:57:47","slug":"uber-uns","status":"publish","type":"page","link":"https:\/\/www.e-industria.eu\/?page_id=130&lang=de","title":{"rendered":"\u00dcber uns"},"content":{"rendered":"\t\t<div data-elementor-type=\"wp-page\" data-elementor-id=\"130\" class=\"elementor elementor-130\">\n\t\t\t\t<div class=\"elementor-element elementor-element-61fdd3e7 e-flex e-con-boxed e-con e-parent\" data-id=\"61fdd3e7\" data-element_type=\"container\">\n\t\t\t\t\t<div class=\"e-con-inner\">\n\t\t\t\t<div class=\"elementor-element elementor-element-6454c12b elementor-widget elementor-widget-image\" data-id=\"6454c12b\" data-element_type=\"widget\" data-widget_type=\"image.default\">\n\t\t\t\t\t\t\t\t\t\t\t\t\t\t\t<img fetchpriority=\"high\" decoding=\"async\" width=\"1024\" height=\"559\" src=\"https:\/\/www.e-industria.eu\/wp-content\/uploads\/2025\/08\/Gemini_Generated_Image_198xvy198xvy198x-1024x559.png\" class=\"attachment-large size-large wp-image-172\" alt=\"\" srcset=\"https:\/\/www.e-industria.eu\/wp-content\/uploads\/2025\/08\/Gemini_Generated_Image_198xvy198xvy198x-1024x559.png 1024w, https:\/\/www.e-industria.eu\/wp-content\/uploads\/2025\/08\/Gemini_Generated_Image_198xvy198xvy198x-300x164.png 300w, https:\/\/www.e-industria.eu\/wp-content\/uploads\/2025\/08\/Gemini_Generated_Image_198xvy198xvy198x-768x419.png 768w, https:\/\/www.e-industria.eu\/wp-content\/uploads\/2025\/08\/Gemini_Generated_Image_198xvy198xvy198x-1536x838.png 1536w, https:\/\/www.e-industria.eu\/wp-content\/uploads\/2025\/08\/Gemini_Generated_Image_198xvy198xvy198x-2048x1117.png 2048w\" sizes=\"(max-width: 1024px) 100vw, 1024px\" \/>\t\t\t\t\t\t\t\t\t\t\t\t\t\t\t<\/div>\n\t\t\t\t\t<\/div>\n\t\t\t\t<\/div>\n\t\t<div class=\"elementor-element elementor-element-31086eee e-flex e-con-boxed e-con e-parent\" data-id=\"31086eee\" data-element_type=\"container\">\n\t\t\t\t\t<div class=\"e-con-inner\">\n\t\t\t\t<div class=\"elementor-element elementor-element-12c6ae23 elementor-widget elementor-widget-spacer\" data-id=\"12c6ae23\" data-element_type=\"widget\" data-widget_type=\"spacer.default\">\n\t\t\t\t\t\t\t<div class=\"elementor-spacer\">\n\t\t\t<div class=\"elementor-spacer-inner\"><\/div>\n\t\t<\/div>\n\t\t\t\t\t\t<\/div>\n\t\t\t\t\t<\/div>\n\t\t\t\t<\/div>\n\t\t<div class=\"elementor-element elementor-element-34244eb1 e-flex e-con-boxed e-con e-parent\" data-id=\"34244eb1\" data-element_type=\"container\">\n\t\t\t\t\t<div class=\"e-con-inner\">\n\t\t\t\t<div class=\"elementor-element elementor-element-2f0cb315 elementor-widget elementor-widget-heading\" data-id=\"2f0cb315\" data-element_type=\"widget\" data-widget_type=\"heading.default\">\n\t\t\t\t\t<h2 class=\"elementor-heading-title elementor-size-default\">\u00dcber uns<\/h2>\t\t\t\t<\/div>\n\t\t\t\t\t<\/div>\n\t\t\t\t<\/div>\n\t\t<div class=\"elementor-element elementor-element-6650af8a e-grid e-con-boxed e-con e-parent\" data-id=\"6650af8a\" data-element_type=\"container\">\n\t\t\t\t\t<div class=\"e-con-inner\">\n\t\t\t\t<div class=\"elementor-element elementor-element-bda21bc elementor-widget elementor-widget-text-editor\" data-id=\"bda21bc\" data-element_type=\"widget\" data-widget_type=\"text-editor.default\">\n\t\t\t\t\t\t\t\t\t<p style=\"text-align: center;\"><span style=\"color: #000000;\"><span style=\"color: #ff0000;\"><b>RKB e-industria, s.r.o.<\/b><\/span> wurde mit dem Ziel gegr\u00fcndet, <b>hochwertige Dienstleistungen<\/b> im Bereich der <b>industriellen Elektroinstallation<\/b> anzubieten. Unsere umfangreiche, <b>langj\u00e4hrige Erfahrung<\/b> erm\u00f6glicht es uns, auch die komplexesten Marktanforderungen effizient und professionell zu bew\u00e4ltigen.<\/span><\/p>\t\t\t\t\t\t\t\t<\/div>\n\t\t\t\t<div class=\"elementor-element elementor-element-998f5 elementor-widget elementor-widget-heading\" data-id=\"998f5\" data-element_type=\"widget\" data-widget_type=\"heading.default\">\n\t\t\t\t\t<h2 class=\"elementor-heading-title elementor-size-default\">T\u00e4tigkeitsbereich und Partner<\/h2>\t\t\t\t<\/div>\n\t\t\t\t<div class=\"elementor-element elementor-element-c1bfe48 elementor-widget elementor-widget-text-editor\" data-id=\"c1bfe48\" data-element_type=\"widget\" data-widget_type=\"text-editor.default\">\n\t\t\t\t\t\t\t\t\t<p style=\"text-align: center;\"><span style=\"color: #000000;\">Unsere T\u00e4tigkeit konzentriert sich auf <b>mittel- und langfristige Projekte<\/b> in <b>Deutschland und der gesamten Europ\u00e4ischen Union<\/b>. Wir arbeiten eng mit <b>f\u00fchrenden Bauunternehmen<\/b> zusammen und legen Wert darauf, <span style=\"color: #ff0000;\">dass unsere Kunden stets L\u00f6sungen von <b>h\u00f6chster Qualit\u00e4t<\/b> erhalten.<\/span><\/span><\/p>\t\t\t\t\t\t\t\t<\/div>\n\t\t\t\t<div class=\"elementor-element elementor-element-ad763dc elementor-widget elementor-widget-heading\" data-id=\"ad763dc\" data-element_type=\"widget\" data-widget_type=\"heading.default\">\n\t\t\t\t\t<h2 class=\"elementor-heading-title elementor-size-default\">Werte und Vorgehensweise<\/h2>\t\t\t\t<\/div>\n\t\t\t\t<div class=\"elementor-element elementor-element-16a5fc3e elementor-widget elementor-widget-text-editor\" data-id=\"16a5fc3e\" data-element_type=\"widget\" data-widget_type=\"text-editor.default\">\n\t\t\t\t\t\t\t\t\t<p style=\"text-align: center;\"><span style=\"color: #000000;\">Wir glauben, dass <span style=\"color: #ff0000;\"><b>Fairness und Transparenz<\/b><\/span> die Grundlage f\u00fcr eine erfolgreiche Zusammenarbeit sind. Unsere Priorit\u00e4t ist ein <b>individueller Ansatz<\/b> gegen\u00fcber unseren Partnern, die Ber\u00fccksichtigung ihrer Bed\u00fcrfnisse und der Aufbau <b>langfristiger und stabiler Gesch\u00e4ftsbeziehungen<\/b>, die auf Vertrauen basieren.<\/span><\/p>\t\t\t\t\t\t\t\t<\/div>\n\t\t\t\t<div class=\"elementor-element elementor-element-3f721cbc elementor-widget elementor-widget-heading\" data-id=\"3f721cbc\" data-element_type=\"widget\" data-widget_type=\"heading.default\">\n\t\t\t\t\t<h2 class=\"elementor-heading-title elementor-size-default\">Angebot der Zusammenarbeit<\/h2>\t\t\t\t<\/div>\n\t\t\t\t<div class=\"elementor-element elementor-element-4cfd4c12 elementor-widget elementor-widget-text-editor\" data-id=\"4cfd4c12\" data-element_type=\"widget\" data-widget_type=\"text-editor.default\">\n\t\t\t\t\t\t\t\t\t<p style=\"text-align: center;\"><span style=\"color: #000000;\">Wir suchen <b>neue Partner<\/b> und bieten <b>umfangreiche Kooperationsm\u00f6glichkeiten<\/b> f\u00fcr <b>Freiberufler (Selbstst\u00e4ndige), Einzelpersonen, Teams sowie Unternehmen<\/b>. <span style=\"color: #ff0000;\">Wenn Sie einen stabilen Partner suchen, der Ihnen hilft zu wachsen und gemeinsame Ziele zu erreichen, sind wir f\u00fcr Sie da.<\/span><\/span><\/p>\t\t\t\t\t\t\t\t<\/div>\n\t\t\t\t\t<\/div>\n\t\t\t\t<\/div>\n\t\t\t\t<\/div>\n\t\t","protected":false},"excerpt":{"rendered":"<p>\u00dcber uns RKB e-industria, s.r.o. wurde mit dem Ziel gegr\u00fcndet, hochwertige Dienstleistungen im Bereich der industriellen Elektroinstallation anzubieten. Unsere umfangreiche, langj\u00e4hrige Erfahrung erm\u00f6glicht es uns, auch die komplexesten Marktanforderungen effizient und professionell zu bew\u00e4ltigen. T\u00e4tigkeitsbereich und Partner Unsere T\u00e4tigkeit konzentriert sich auf mittel- und langfristige Projekte in Deutschland und der gesamten Europ\u00e4ischen Union. Wir arbeiten&#8230;<\/p>\n","protected":false},"author":1,"featured_media":0,"parent":0,"menu_order":0,"comment_status":"closed","ping_status":"closed","template":"","meta":{"_kad_post_transparent":"","_kad_post_title":"hide","_kad_post_layout":"fullwidth","_kad_post_sidebar_id":"","_kad_post_content_style":"unboxed","_kad_post_vertical_padding":"hide","_kad_post_feature":"hide","_kad_post_feature_position":"","_kad_post_header":false,"_kad_post_footer":false,"_kad_post_classname":"","footnotes":""},"class_list":["post-130","page","type-page","status-publish","hentry"],"_links":{"self":[{"href":"https:\/\/www.e-industria.eu\/index.php?rest_route=\/wp\/v2\/pages\/130","targetHints":{"allow":["GET"]}}],"collection":[{"href":"https:\/\/www.e-industria.eu\/index.php?rest_route=\/wp\/v2\/pages"}],"about":[{"href":"https:\/\/www.e-industria.eu\/index.php?rest_route=\/wp\/v2\/types\/page"}],"author":[{"embeddable":true,"href":"https:\/\/www.e-industria.eu\/index.php?rest_route=\/wp\/v2\/users\/1"}],"replies":[{"embeddable":true,"href":"https:\/\/www.e-industria.eu\/index.php?rest_route=%2Fwp%2Fv2%2Fcomments&post=130"}],"version-history":[{"count":4,"href":"https:\/\/www.e-industria.eu\/index.php?rest_route=\/wp\/v2\/pages\/130\/revisions"}],"predecessor-version":[{"id":195,"href":"https:\/\/www.e-industria.eu\/index.php?rest_route=\/wp\/v2\/pages\/130\/revisions\/195"}],"wp:attachment":[{"href":"https:\/\/www.e-industria.eu\/index.php?rest_route=%2Fwp%2Fv2%2Fmedia&parent=130"}],"curies":[{"name":"wp","href":"https:\/\/api.w.org\/{rel}","templated":true}]}}