{"id":1483,"date":"2026-02-01T14:15:41","date_gmt":"2026-02-01T13:15:41","guid":{"rendered":"https:\/\/www.e-industria.eu\/?page_id=1483"},"modified":"2026-02-01T14:16:45","modified_gmt":"2026-02-01T13:16:45","slug":"projekt-dietzenbach-nemecko","status":"publish","type":"page","link":"https:\/\/www.e-industria.eu\/?page_id=1483","title":{"rendered":"Projekt Dietzenbach, Nemecko"},"content":{"rendered":"\t\t<div data-elementor-type=\"wp-page\" data-elementor-id=\"1483\" class=\"elementor elementor-1483\">\n\t\t\t\t<div class=\"elementor-element elementor-element-359686f4 e-flex e-con-boxed e-con e-parent\" data-id=\"359686f4\" data-element_type=\"container\">\n\t\t\t\t\t<div class=\"e-con-inner\">\n\t\t\t\t<div class=\"elementor-element elementor-element-206124a6 elementor-widget elementor-widget-heading\" data-id=\"206124a6\" data-element_type=\"widget\" data-widget_type=\"heading.default\">\n\t\t\t\t\t<h2 class=\"elementor-heading-title elementor-size-default\">Ukon\u010den\u00fd projekt<\/h2>\t\t\t\t<\/div>\n\t\t\t\t\t<\/div>\n\t\t\t\t<\/div>\n\t\t<div class=\"elementor-element elementor-element-66dd5fbd e-flex e-con-boxed e-con e-parent\" data-id=\"66dd5fbd\" data-element_type=\"container\">\n\t\t\t\t\t<div class=\"e-con-inner\">\n\t\t\t\t<div class=\"elementor-element elementor-element-528ad17a elementor-widget elementor-widget-text-editor\" data-id=\"528ad17a\" data-element_type=\"widget\" data-widget_type=\"text-editor.default\">\n\t\t\t\t\t\t\t\t\t<div class=\"contentgroup__heading \"><div><strong><span style=\"color: #000000;\"><span class=\"wysiwyg-font-size-28\">Projekt: Dietzenbach, Nemecko<\/span><\/span><\/strong><\/div><\/div><div class=\"contentgroup__body \"><div><strong><span style=\"color: #ff0000;\"><span class=\"wysiwyg-font-size-28\">Mont\u00e1\u017e nab\u00edjac\u00edch stan\u00edc pre elektromobily<\/span><\/span><\/strong><\/div><\/div>\t\t\t\t\t\t\t\t<\/div>\n\t\t\t\t\t<\/div>\n\t\t\t\t<\/div>\n\t\t<div class=\"elementor-element elementor-element-53becaec e-flex e-con-boxed e-con e-parent\" data-id=\"53becaec\" data-element_type=\"container\">\n\t\t\t\t\t<div class=\"e-con-inner\">\n\t\t\t\t<div class=\"elementor-element elementor-element-1b7161d1 elementor-widget elementor-widget-image-gallery\" data-id=\"1b7161d1\" data-element_type=\"widget\" data-widget_type=\"image-gallery.default\">\n\t\t\t\t\t\t\t<div class=\"elementor-image-gallery\">\n\t\t\t<div id='gallery-1' class='gallery galleryid-1483 gallery-columns-4 gallery-size-thumbnail'><figure class='gallery-item'>\n\t\t\t<div class='gallery-icon landscape'>\n\t\t\t\t<a data-elementor-open-lightbox=\"yes\" data-elementor-lightbox-slideshow=\"1b7161d1\" data-elementor-lightbox-title=\"20260116_172508\" data-e-action-hash=\"#elementor-action%3Aaction%3Dlightbox%26settings%3DeyJpZCI6MTQ4NSwidXJsIjoiaHR0cHM6XC9cL3d3dy5lLWluZHVzdHJpYS5ldVwvd3AtY29udGVudFwvdXBsb2Fkc1wvMjAyNlwvMDJcLzIwMjYwMTE2XzE3MjUwOC1zY2FsZWQuanBnIiwic2xpZGVzaG93IjoiMWI3MTYxZDEifQ%3D%3D\" href='https:\/\/www.e-industria.eu\/wp-content\/uploads\/2026\/02\/20260116_172508-scaled.jpg'><img decoding=\"async\" width=\"150\" height=\"150\" src=\"https:\/\/www.e-industria.eu\/wp-content\/uploads\/2026\/02\/20260116_172508-150x150.jpg\" class=\"attachment-thumbnail size-thumbnail\" alt=\"\" \/><\/a>\n\t\t\t<\/div><\/figure><figure class='gallery-item'>\n\t\t\t<div class='gallery-icon landscape'>\n\t\t\t\t<a data-elementor-open-lightbox=\"yes\" data-elementor-lightbox-slideshow=\"1b7161d1\" data-elementor-lightbox-title=\"20260124_154524\" data-e-action-hash=\"#elementor-action%3Aaction%3Dlightbox%26settings%3DeyJpZCI6MTQ4NiwidXJsIjoiaHR0cHM6XC9cL3d3dy5lLWluZHVzdHJpYS5ldVwvd3AtY29udGVudFwvdXBsb2Fkc1wvMjAyNlwvMDJcLzIwMjYwMTI0XzE1NDUyNC1zY2FsZWQuanBnIiwic2xpZGVzaG93IjoiMWI3MTYxZDEifQ%3D%3D\" href='https:\/\/www.e-industria.eu\/wp-content\/uploads\/2026\/02\/20260124_154524-scaled.jpg'><img decoding=\"async\" width=\"150\" height=\"150\" src=\"https:\/\/www.e-industria.eu\/wp-content\/uploads\/2026\/02\/20260124_154524-150x150.jpg\" class=\"attachment-thumbnail size-thumbnail\" alt=\"\" \/><\/a>\n\t\t\t<\/div><\/figure><figure class='gallery-item'>\n\t\t\t<div class='gallery-icon landscape'>\n\t\t\t\t<a data-elementor-open-lightbox=\"yes\" data-elementor-lightbox-slideshow=\"1b7161d1\" data-elementor-lightbox-title=\"20260124_154547\" data-e-action-hash=\"#elementor-action%3Aaction%3Dlightbox%26settings%3DeyJpZCI6MTQ4NywidXJsIjoiaHR0cHM6XC9cL3d3dy5lLWluZHVzdHJpYS5ldVwvd3AtY29udGVudFwvdXBsb2Fkc1wvMjAyNlwvMDJcLzIwMjYwMTI0XzE1NDU0Ny1zY2FsZWQuanBnIiwic2xpZGVzaG93IjoiMWI3MTYxZDEifQ%3D%3D\" href='https:\/\/www.e-industria.eu\/wp-content\/uploads\/2026\/02\/20260124_154547-scaled.jpg'><img decoding=\"async\" width=\"150\" height=\"150\" src=\"https:\/\/www.e-industria.eu\/wp-content\/uploads\/2026\/02\/20260124_154547-150x150.jpg\" class=\"attachment-thumbnail size-thumbnail\" alt=\"\" \/><\/a>\n\t\t\t<\/div><\/figure><figure class='gallery-item'>\n\t\t\t<div class='gallery-icon landscape'>\n\t\t\t\t<a data-elementor-open-lightbox=\"yes\" data-elementor-lightbox-slideshow=\"1b7161d1\" data-elementor-lightbox-title=\"20260124_154602\" data-e-action-hash=\"#elementor-action%3Aaction%3Dlightbox%26settings%3DeyJpZCI6MTQ4OCwidXJsIjoiaHR0cHM6XC9cL3d3dy5lLWluZHVzdHJpYS5ldVwvd3AtY29udGVudFwvdXBsb2Fkc1wvMjAyNlwvMDJcLzIwMjYwMTI0XzE1NDYwMi1zY2FsZWQuanBnIiwic2xpZGVzaG93IjoiMWI3MTYxZDEifQ%3D%3D\" href='https:\/\/www.e-industria.eu\/wp-content\/uploads\/2026\/02\/20260124_154602-scaled.jpg'><img loading=\"lazy\" decoding=\"async\" width=\"150\" height=\"150\" src=\"https:\/\/www.e-industria.eu\/wp-content\/uploads\/2026\/02\/20260124_154602-150x150.jpg\" class=\"attachment-thumbnail size-thumbnail\" alt=\"\" \/><\/a>\n\t\t\t<\/div><\/figure><figure class='gallery-item'>\n\t\t\t<div class='gallery-icon landscape'>\n\t\t\t\t<a data-elementor-open-lightbox=\"yes\" data-elementor-lightbox-slideshow=\"1b7161d1\" data-elementor-lightbox-title=\"20260124_154632\" data-e-action-hash=\"#elementor-action%3Aaction%3Dlightbox%26settings%3DeyJpZCI6MTQ4OSwidXJsIjoiaHR0cHM6XC9cL3d3dy5lLWluZHVzdHJpYS5ldVwvd3AtY29udGVudFwvdXBsb2Fkc1wvMjAyNlwvMDJcLzIwMjYwMTI0XzE1NDYzMi1zY2FsZWQuanBnIiwic2xpZGVzaG93IjoiMWI3MTYxZDEifQ%3D%3D\" href='https:\/\/www.e-industria.eu\/wp-content\/uploads\/2026\/02\/20260124_154632-scaled.jpg'><img loading=\"lazy\" decoding=\"async\" width=\"150\" height=\"150\" src=\"https:\/\/www.e-industria.eu\/wp-content\/uploads\/2026\/02\/20260124_154632-150x150.jpg\" class=\"attachment-thumbnail size-thumbnail\" alt=\"\" \/><\/a>\n\t\t\t<\/div><\/figure><figure class='gallery-item'>\n\t\t\t<div class='gallery-icon landscape'>\n\t\t\t\t<a data-elementor-open-lightbox=\"yes\" data-elementor-lightbox-slideshow=\"1b7161d1\" data-elementor-lightbox-title=\"20260124_154642\" data-e-action-hash=\"#elementor-action%3Aaction%3Dlightbox%26settings%3DeyJpZCI6MTQ5MCwidXJsIjoiaHR0cHM6XC9cL3d3dy5lLWluZHVzdHJpYS5ldVwvd3AtY29udGVudFwvdXBsb2Fkc1wvMjAyNlwvMDJcLzIwMjYwMTI0XzE1NDY0Mi1zY2FsZWQuanBnIiwic2xpZGVzaG93IjoiMWI3MTYxZDEifQ%3D%3D\" href='https:\/\/www.e-industria.eu\/wp-content\/uploads\/2026\/02\/20260124_154642-scaled.jpg'><img loading=\"lazy\" decoding=\"async\" width=\"150\" height=\"150\" src=\"https:\/\/www.e-industria.eu\/wp-content\/uploads\/2026\/02\/20260124_154642-150x150.jpg\" class=\"attachment-thumbnail size-thumbnail\" alt=\"\" \/><\/a>\n\t\t\t<\/div><\/figure><figure class='gallery-item'>\n\t\t\t<div class='gallery-icon landscape'>\n\t\t\t\t<a data-elementor-open-lightbox=\"yes\" data-elementor-lightbox-slideshow=\"1b7161d1\" data-elementor-lightbox-title=\"20260123_100610\" data-e-action-hash=\"#elementor-action%3Aaction%3Dlightbox%26settings%3DeyJpZCI6MTQ5MSwidXJsIjoiaHR0cHM6XC9cL3d3dy5lLWluZHVzdHJpYS5ldVwvd3AtY29udGVudFwvdXBsb2Fkc1wvMjAyNlwvMDJcLzIwMjYwMTIzXzEwMDYxMC1zY2FsZWQuanBnIiwic2xpZGVzaG93IjoiMWI3MTYxZDEifQ%3D%3D\" href='https:\/\/www.e-industria.eu\/wp-content\/uploads\/2026\/02\/20260123_100610-scaled.jpg'><img loading=\"lazy\" decoding=\"async\" width=\"150\" height=\"150\" src=\"https:\/\/www.e-industria.eu\/wp-content\/uploads\/2026\/02\/20260123_100610-150x150.jpg\" class=\"attachment-thumbnail size-thumbnail\" alt=\"\" \/><\/a>\n\t\t\t<\/div><\/figure><figure class='gallery-item'>\n\t\t\t<div class='gallery-icon portrait'>\n\t\t\t\t<a data-elementor-open-lightbox=\"yes\" data-elementor-lightbox-slideshow=\"1b7161d1\" data-elementor-lightbox-title=\"20260124_132311~2\" data-e-action-hash=\"#elementor-action%3Aaction%3Dlightbox%26settings%3DeyJpZCI6MTQ5MiwidXJsIjoiaHR0cHM6XC9cL3d3dy5lLWluZHVzdHJpYS5ldVwvd3AtY29udGVudFwvdXBsb2Fkc1wvMjAyNlwvMDJcLzIwMjYwMTI0XzEzMjMxMTItc2NhbGVkLmpwZyIsInNsaWRlc2hvdyI6IjFiNzE2MWQxIn0%3D\" href='https:\/\/www.e-industria.eu\/wp-content\/uploads\/2026\/02\/20260124_1323112-scaled.jpg'><img loading=\"lazy\" decoding=\"async\" width=\"150\" height=\"150\" src=\"https:\/\/www.e-industria.eu\/wp-content\/uploads\/2026\/02\/20260124_1323112-150x150.jpg\" class=\"attachment-thumbnail size-thumbnail\" alt=\"\" \/><\/a>\n\t\t\t<\/div><\/figure>\n\t\t<\/div>\n\t\t<\/div>\n\t\t\t\t\t\t<\/div>\n\t\t\t\t\t<\/div>\n\t\t\t\t<\/div>\n\t\t\t\t<\/div>\n\t\t","protected":false},"excerpt":{"rendered":"<p>Ukon\u010den\u00fd projekt Projekt: Dietzenbach, NemeckoMont\u00e1\u017e nab\u00edjac\u00edch stan\u00edc pre elektromobily<\/p>\n","protected":false},"author":1,"featured_media":0,"parent":0,"menu_order":0,"comment_status":"closed","ping_status":"closed","template":"","meta":{"_kad_post_transparent":"","_kad_post_title":"hide","_kad_post_layout":"fullwidth","_kad_post_sidebar_id":"","_kad_post_content_style":"unboxed","_kad_post_vertical_padding":"hide","_kad_post_feature":"hide","_kad_post_feature_position":"","_kad_post_header":false,"_kad_post_footer":false,"_kad_post_classname":"","footnotes":""},"class_list":["post-1483","page","type-page","status-publish","hentry"],"_links":{"self":[{"href":"https:\/\/www.e-industria.eu\/index.php?rest_route=\/wp\/v2\/pages\/1483","targetHints":{"allow":["GET"]}}],"collection":[{"href":"https:\/\/www.e-industria.eu\/index.php?rest_route=\/wp\/v2\/pages"}],"about":[{"href":"https:\/\/www.e-industria.eu\/index.php?rest_route=\/wp\/v2\/types\/page"}],"author":[{"embeddable":true,"href":"https:\/\/www.e-industria.eu\/index.php?rest_route=\/wp\/v2\/users\/1"}],"replies":[{"embeddable":true,"href":"https:\/\/www.e-industria.eu\/index.php?rest_route=%2Fwp%2Fv2%2Fcomments&post=1483"}],"version-history":[{"count":4,"href":"https:\/\/www.e-industria.eu\/index.php?rest_route=\/wp\/v2\/pages\/1483\/revisions"}],"predecessor-version":[{"id":1495,"href":"https:\/\/www.e-industria.eu\/index.php?rest_route=\/wp\/v2\/pages\/1483\/revisions\/1495"}],"wp:attachment":[{"href":"https:\/\/www.e-industria.eu\/index.php?rest_route=%2Fwp%2Fv2%2Fmedia&parent=1483"}],"curies":[{"name":"wp","href":"https:\/\/api.w.org\/{rel}","templated":true}]}}