{"id":35,"date":"2025-08-26T22:18:45","date_gmt":"2025-08-26T20:18:45","guid":{"rendered":"https:\/\/www.e-industria.eu\/?page_id=35"},"modified":"2025-08-28T14:27:35","modified_gmt":"2025-08-28T12:27:35","slug":"o-nas","status":"publish","type":"page","link":"https:\/\/www.e-industria.eu\/?page_id=35","title":{"rendered":"O n\u00e1s"},"content":{"rendered":"\t\t<div data-elementor-type=\"wp-page\" data-elementor-id=\"35\" class=\"elementor elementor-35\">\n\t\t\t\t<div class=\"elementor-element elementor-element-a73282d e-flex e-con-boxed e-con e-parent\" data-id=\"a73282d\" data-element_type=\"container\">\n\t\t\t\t\t<div class=\"e-con-inner\">\n\t\t\t\t<div class=\"elementor-element elementor-element-b7b03d4 elementor-widget elementor-widget-image\" data-id=\"b7b03d4\" data-element_type=\"widget\" data-widget_type=\"image.default\">\n\t\t\t\t\t\t\t\t\t\t\t\t\t\t\t<img fetchpriority=\"high\" decoding=\"async\" width=\"1024\" height=\"559\" src=\"https:\/\/www.e-industria.eu\/wp-content\/uploads\/2025\/08\/Gemini_Generated_Image_198xvy198xvy198x-1024x559.png\" class=\"attachment-large size-large wp-image-172\" alt=\"\" srcset=\"https:\/\/www.e-industria.eu\/wp-content\/uploads\/2025\/08\/Gemini_Generated_Image_198xvy198xvy198x-1024x559.png 1024w, https:\/\/www.e-industria.eu\/wp-content\/uploads\/2025\/08\/Gemini_Generated_Image_198xvy198xvy198x-300x164.png 300w, https:\/\/www.e-industria.eu\/wp-content\/uploads\/2025\/08\/Gemini_Generated_Image_198xvy198xvy198x-768x419.png 768w, https:\/\/www.e-industria.eu\/wp-content\/uploads\/2025\/08\/Gemini_Generated_Image_198xvy198xvy198x-1536x838.png 1536w, https:\/\/www.e-industria.eu\/wp-content\/uploads\/2025\/08\/Gemini_Generated_Image_198xvy198xvy198x-2048x1117.png 2048w\" sizes=\"(max-width: 1024px) 100vw, 1024px\" \/>\t\t\t\t\t\t\t\t\t\t\t\t\t\t\t<\/div>\n\t\t\t\t\t<\/div>\n\t\t\t\t<\/div>\n\t\t<div class=\"elementor-element elementor-element-2363f83 e-flex e-con-boxed e-con e-parent\" data-id=\"2363f83\" data-element_type=\"container\">\n\t\t\t\t\t<div class=\"e-con-inner\">\n\t\t\t\t<div class=\"elementor-element elementor-element-d336a5b elementor-widget elementor-widget-spacer\" data-id=\"d336a5b\" data-element_type=\"widget\" data-widget_type=\"spacer.default\">\n\t\t\t\t\t\t\t<div class=\"elementor-spacer\">\n\t\t\t<div class=\"elementor-spacer-inner\"><\/div>\n\t\t<\/div>\n\t\t\t\t\t\t<\/div>\n\t\t\t\t\t<\/div>\n\t\t\t\t<\/div>\n\t\t<div class=\"elementor-element elementor-element-9cc0980 e-flex e-con-boxed e-con e-parent\" data-id=\"9cc0980\" data-element_type=\"container\">\n\t\t\t\t\t<div class=\"e-con-inner\">\n\t\t\t\t<div class=\"elementor-element elementor-element-c7e2c37 elementor-widget elementor-widget-heading\" data-id=\"c7e2c37\" data-element_type=\"widget\" data-widget_type=\"heading.default\">\n\t\t\t\t\t<h2 class=\"elementor-heading-title elementor-size-default\">O n\u00e1s<\/h2>\t\t\t\t<\/div>\n\t\t\t\t\t<\/div>\n\t\t\t\t<\/div>\n\t\t<div class=\"elementor-element elementor-element-37a1b4c e-grid e-con-boxed e-con e-parent\" data-id=\"37a1b4c\" data-element_type=\"container\">\n\t\t\t\t\t<div class=\"e-con-inner\">\n\t\t\t\t<div class=\"elementor-element elementor-element-a2bb309 elementor-widget elementor-widget-text-editor\" data-id=\"a2bb309\" data-element_type=\"widget\" data-widget_type=\"text-editor.default\">\n\t\t\t\t\t\t\t\t\t<p style=\"text-align: center;\"><span style=\"color: #000000;\">Spolo\u010dnos\u0165 <span style=\"color: #ff0000;\"><b>RKB e-industria, s.r.o.<\/b><\/span> bola zalo\u017een\u00e1 s cie\u013eom poskytova\u0165 <b>\u0161pi\u010dkov\u00e9 slu\u017eby<\/b> v oblasti <b>priemyselnej elektroin\u0161tal\u00e1cie<\/b>. Na\u0161e rozsiahle <b>dlhoro\u010dn\u00e9 sk\u00fasenosti<\/b> n\u00e1m umo\u017e\u0148uj\u00fa efekt\u00edvne a profesion\u00e1lne zvl\u00e1da\u0165 aj tie najkomplexnej\u0161ie po\u017eiadavky trhu.<\/span><\/p>\t\t\t\t\t\t\t\t<\/div>\n\t\t\t\t<div class=\"elementor-element elementor-element-ef569d8 elementor-widget elementor-widget-heading\" data-id=\"ef569d8\" data-element_type=\"widget\" data-widget_type=\"heading.default\">\n\t\t\t\t\t<h2 class=\"elementor-heading-title elementor-size-default\">Oblas\u0165 p\u00f4sobenia a partneri<\/h2>\t\t\t\t<\/div>\n\t\t\t\t<div class=\"elementor-element elementor-element-df27d82 elementor-widget elementor-widget-text-editor\" data-id=\"df27d82\" data-element_type=\"widget\" data-widget_type=\"text-editor.default\">\n\t\t\t\t\t\t\t\t\t<p style=\"text-align: center;\"><span style=\"color: #000000;\">Na\u0161a \u010dinnos\u0165 sa s\u00fastre\u010fuje na <b>strednodob\u00e9 a dlhodob\u00e9 projekty<\/b> v <b>Nemecku a celej Eur\u00f3pskej \u00fanii<\/b>. \u00dazko <b>spolupracujeme s popredn\u00fdmi dod\u00e1vate\u013emi stavieb<\/b> a <span style=\"color: #ff0000;\">kladieme d\u00f4raz na to, aby na\u0161i klienti dostali v\u017edy rie\u0161enia najvy\u0161\u0161ej kvality.<\/span><\/span><\/p>\t\t\t\t\t\t\t\t<\/div>\n\t\t\t\t<div class=\"elementor-element elementor-element-55d86d1 elementor-widget elementor-widget-heading\" data-id=\"55d86d1\" data-element_type=\"widget\" data-widget_type=\"heading.default\">\n\t\t\t\t\t<h2 class=\"elementor-heading-title elementor-size-default\">Hodnoty a pr\u00edstup<\/h2>\t\t\t\t<\/div>\n\t\t\t\t<div class=\"elementor-element elementor-element-7832916 elementor-widget elementor-widget-text-editor\" data-id=\"7832916\" data-element_type=\"widget\" data-widget_type=\"text-editor.default\">\n\t\t\t\t\t\t\t\t\t<p style=\"text-align: center;\"><span style=\"color: #000000;\">Ver\u00edme, \u017ee z\u00e1kladom \u00faspe\u0161nej spolupr\u00e1ce je <span style=\"color: #ff0000;\"><b>f\u00e9rovos\u0165 a transparentnos\u0165<\/b><\/span>. Na\u0161ou prioritou je <b>individu\u00e1lny pr\u00edstup<\/b> k partnerom, re\u0161pektovanie ich potrieb a budovanie <b>dlhodob\u00fdch a stabiln\u00fdch obchodn\u00fdch vz\u0165ahov<\/b> zalo\u017een\u00fdch na d\u00f4vere.<\/span><\/p>\t\t\t\t\t\t\t\t<\/div>\n\t\t\t\t<div class=\"elementor-element elementor-element-fb65a58 elementor-widget elementor-widget-heading\" data-id=\"fb65a58\" data-element_type=\"widget\" data-widget_type=\"heading.default\">\n\t\t\t\t\t<h2 class=\"elementor-heading-title elementor-size-default\">Ponuka spolupr\u00e1ce<\/h2>\t\t\t\t<\/div>\n\t\t\t\t<div class=\"elementor-element elementor-element-720de8b elementor-widget elementor-widget-text-editor\" data-id=\"720de8b\" data-element_type=\"widget\" data-widget_type=\"text-editor.default\">\n\t\t\t\t\t\t\t\t\t<p style=\"text-align: center;\"><span style=\"color: #000000;\">H\u013ead\u00e1me <b>nov\u00fdch partnerov<\/b> a pon\u00fakame <b>\u0161irok\u00e9 mo\u017enosti spolupr\u00e1ce<\/b> pre <b>\u017eivnostn\u00edkov (SZ\u010cO), jednotlivcov, t\u00edmy, ale aj firmy<\/b>. <span style=\"color: #ff0000;\">Ak h\u013ead\u00e1te stabiln\u00e9ho partnera, ktor\u00fd v\u00e1m pom\u00f4\u017ee r\u00e1s\u0165 a dosahova\u0165 spolo\u010dn\u00e9 ciele, sme tu pre v\u00e1s.<\/span><\/span><\/p>\t\t\t\t\t\t\t\t<\/div>\n\t\t\t\t\t<\/div>\n\t\t\t\t<\/div>\n\t\t\t\t<\/div>\n\t\t","protected":false},"excerpt":{"rendered":"<p>O n\u00e1s Spolo\u010dnos\u0165 RKB e-industria, s.r.o. bola zalo\u017een\u00e1 s cie\u013eom poskytova\u0165 \u0161pi\u010dkov\u00e9 slu\u017eby v oblasti priemyselnej elektroin\u0161tal\u00e1cie. Na\u0161e rozsiahle dlhoro\u010dn\u00e9 sk\u00fasenosti n\u00e1m umo\u017e\u0148uj\u00fa efekt\u00edvne a profesion\u00e1lne zvl\u00e1da\u0165 aj tie najkomplexnej\u0161ie po\u017eiadavky trhu. Oblas\u0165 p\u00f4sobenia a partneri Na\u0161a \u010dinnos\u0165 sa s\u00fastre\u010fuje na strednodob\u00e9 a dlhodob\u00e9 projekty v Nemecku a celej Eur\u00f3pskej \u00fanii. \u00dazko spolupracujeme s popredn\u00fdmi&#8230;<\/p>\n","protected":false},"author":1,"featured_media":0,"parent":0,"menu_order":0,"comment_status":"closed","ping_status":"closed","template":"","meta":{"_kad_post_transparent":"","_kad_post_title":"hide","_kad_post_layout":"fullwidth","_kad_post_sidebar_id":"","_kad_post_content_style":"unboxed","_kad_post_vertical_padding":"hide","_kad_post_feature":"hide","_kad_post_feature_position":"","_kad_post_header":false,"_kad_post_footer":false,"_kad_post_classname":"","footnotes":""},"class_list":["post-35","page","type-page","status-publish","hentry"],"_links":{"self":[{"href":"https:\/\/www.e-industria.eu\/index.php?rest_route=\/wp\/v2\/pages\/35","targetHints":{"allow":["GET"]}}],"collection":[{"href":"https:\/\/www.e-industria.eu\/index.php?rest_route=\/wp\/v2\/pages"}],"about":[{"href":"https:\/\/www.e-industria.eu\/index.php?rest_route=\/wp\/v2\/types\/page"}],"author":[{"embeddable":true,"href":"https:\/\/www.e-industria.eu\/index.php?rest_route=\/wp\/v2\/users\/1"}],"replies":[{"embeddable":true,"href":"https:\/\/www.e-industria.eu\/index.php?rest_route=%2Fwp%2Fv2%2Fcomments&post=35"}],"version-history":[{"count":16,"href":"https:\/\/www.e-industria.eu\/index.php?rest_route=\/wp\/v2\/pages\/35\/revisions"}],"predecessor-version":[{"id":188,"href":"https:\/\/www.e-industria.eu\/index.php?rest_route=\/wp\/v2\/pages\/35\/revisions\/188"}],"wp:attachment":[{"href":"https:\/\/www.e-industria.eu\/index.php?rest_route=%2Fwp%2Fv2%2Fmedia&parent=35"}],"curies":[{"name":"wp","href":"https:\/\/api.w.org\/{rel}","templated":true}]}}