{"id":600,"date":"2025-09-29T19:34:34","date_gmt":"2025-09-29T17:34:34","guid":{"rendered":"https:\/\/www.e-industria.eu\/?page_id=600"},"modified":"2025-09-30T21:15:55","modified_gmt":"2025-09-30T19:15:55","slug":"projekt-jaguar-birningham-spojene-kralovstvo","status":"publish","type":"page","link":"https:\/\/www.e-industria.eu\/?page_id=600","title":{"rendered":"Projekt Jaguar,\u00a0Birningham, Spojen\u00e9 kr\u00e1\u013eovstvo"},"content":{"rendered":"\t\t<div data-elementor-type=\"wp-page\" data-elementor-id=\"600\" class=\"elementor elementor-600\">\n\t\t\t\t<div class=\"elementor-element elementor-element-659c6ef1 e-flex e-con-boxed e-con e-parent\" data-id=\"659c6ef1\" data-element_type=\"container\">\n\t\t\t\t\t<div class=\"e-con-inner\">\n\t\t\t\t<div class=\"elementor-element elementor-element-7b83285c elementor-widget elementor-widget-heading\" data-id=\"7b83285c\" data-element_type=\"widget\" data-widget_type=\"heading.default\">\n\t\t\t\t\t<h2 class=\"elementor-heading-title elementor-size-default\">Ukon\u010den\u00fd projekt<\/h2>\t\t\t\t<\/div>\n\t\t\t\t\t<\/div>\n\t\t\t\t<\/div>\n\t\t<div class=\"elementor-element elementor-element-480c9e5e e-flex e-con-boxed e-con e-parent\" data-id=\"480c9e5e\" data-element_type=\"container\">\n\t\t\t\t\t<div class=\"e-con-inner\">\n\t\t\t\t<div class=\"elementor-element elementor-element-6ccb3a91 elementor-widget elementor-widget-text-editor\" data-id=\"6ccb3a91\" data-element_type=\"widget\" data-widget_type=\"text-editor.default\">\n\t\t\t\t\t\t\t\t\t<div class=\"contentgroup__heading \"><p><span class=\"wysiwyg-font-size-28\"><b>Projekt: Jaguar ,\u00a0 Birningham, Spojen\u00e9 kr\u00e1\u013eovstvo<\/b><\/span><\/p><\/div><div class=\"contentgroup__body \"><span style=\"color: #ff0000;\"><b><span class=\"wysiwyg-color\">Stavba v\u00fdrobnej linky Kuka<\/span><\/b><\/span><\/div>\t\t\t\t\t\t\t\t<\/div>\n\t\t\t\t\t<\/div>\n\t\t\t\t<\/div>\n\t\t<div class=\"elementor-element elementor-element-7f187fc4 e-flex e-con-boxed e-con e-parent\" data-id=\"7f187fc4\" data-element_type=\"container\">\n\t\t\t\t\t<div class=\"e-con-inner\">\n\t\t\t\t<div class=\"elementor-element elementor-element-1f251a1f elementor-widget elementor-widget-image-gallery\" data-id=\"1f251a1f\" data-element_type=\"widget\" data-widget_type=\"image-gallery.default\">\n\t\t\t\t\t\t\t<div class=\"elementor-image-gallery\">\n\t\t\t<div id='gallery-1' class='gallery galleryid-600 gallery-columns-3 gallery-size-thumbnail'><figure class='gallery-item'>\n\t\t\t<div class='gallery-icon landscape'>\n\t\t\t\t<a data-elementor-open-lightbox=\"yes\" data-elementor-lightbox-slideshow=\"1f251a1f\" data-elementor-lightbox-title=\"0f9d2c93-0275-4b9f-b91c-fe09f1c9371d\" data-e-action-hash=\"#elementor-action%3Aaction%3Dlightbox%26settings%3DeyJpZCI6NjAyLCJ1cmwiOiJodHRwczpcL1wvd3d3LmUtaW5kdXN0cmlhLmV1XC93cC1jb250ZW50XC91cGxvYWRzXC8yMDI1XC8wOVwvMGY5ZDJjOTMtMDI3NS00YjlmLWI5MWMtZmUwOWYxYzkzNzFkLmpwZWciLCJzbGlkZXNob3ciOiIxZjI1MWExZiJ9\" href='https:\/\/www.e-industria.eu\/wp-content\/uploads\/2025\/09\/0f9d2c93-0275-4b9f-b91c-fe09f1c9371d.jpeg'><img decoding=\"async\" width=\"150\" height=\"150\" src=\"https:\/\/www.e-industria.eu\/wp-content\/uploads\/2025\/09\/0f9d2c93-0275-4b9f-b91c-fe09f1c9371d-150x150.jpeg\" class=\"attachment-thumbnail size-thumbnail\" alt=\"\" \/><\/a>\n\t\t\t<\/div><\/figure><figure class='gallery-item'>\n\t\t\t<div class='gallery-icon landscape'>\n\t\t\t\t<a data-elementor-open-lightbox=\"yes\" data-elementor-lightbox-slideshow=\"1f251a1f\" data-elementor-lightbox-title=\"4c2eb1a0-12d0-405b-bb70-9556a701d596\" data-e-action-hash=\"#elementor-action%3Aaction%3Dlightbox%26settings%3DeyJpZCI6NjAzLCJ1cmwiOiJodHRwczpcL1wvd3d3LmUtaW5kdXN0cmlhLmV1XC93cC1jb250ZW50XC91cGxvYWRzXC8yMDI1XC8wOVwvNGMyZWIxYTAtMTJkMC00MDViLWJiNzAtOTU1NmE3MDFkNTk2LmpwZWciLCJzbGlkZXNob3ciOiIxZjI1MWExZiJ9\" href='https:\/\/www.e-industria.eu\/wp-content\/uploads\/2025\/09\/4c2eb1a0-12d0-405b-bb70-9556a701d596.jpeg'><img decoding=\"async\" width=\"150\" height=\"150\" src=\"https:\/\/www.e-industria.eu\/wp-content\/uploads\/2025\/09\/4c2eb1a0-12d0-405b-bb70-9556a701d596-150x150.jpeg\" class=\"attachment-thumbnail size-thumbnail\" alt=\"\" \/><\/a>\n\t\t\t<\/div><\/figure><figure class='gallery-item'>\n\t\t\t<div class='gallery-icon portrait'>\n\t\t\t\t<a data-elementor-open-lightbox=\"yes\" data-elementor-lightbox-slideshow=\"1f251a1f\" data-elementor-lightbox-title=\"b2c3e1fb-e510-4a54-a627-3b9fb3c0dd24\" data-e-action-hash=\"#elementor-action%3Aaction%3Dlightbox%26settings%3DeyJpZCI6NjA0LCJ1cmwiOiJodHRwczpcL1wvd3d3LmUtaW5kdXN0cmlhLmV1XC93cC1jb250ZW50XC91cGxvYWRzXC8yMDI1XC8wOVwvYjJjM2UxZmItZTUxMC00YTU0LWE2MjctM2I5ZmIzYzBkZDI0LmpwZWciLCJzbGlkZXNob3ciOiIxZjI1MWExZiJ9\" href='https:\/\/www.e-industria.eu\/wp-content\/uploads\/2025\/09\/b2c3e1fb-e510-4a54-a627-3b9fb3c0dd24.jpeg'><img decoding=\"async\" width=\"150\" height=\"150\" src=\"https:\/\/www.e-industria.eu\/wp-content\/uploads\/2025\/09\/b2c3e1fb-e510-4a54-a627-3b9fb3c0dd24-150x150.jpeg\" class=\"attachment-thumbnail size-thumbnail\" alt=\"\" \/><\/a>\n\t\t\t<\/div><\/figure>\n\t\t<\/div>\n\t\t<\/div>\n\t\t\t\t\t\t<\/div>\n\t\t\t\t\t<\/div>\n\t\t\t\t<\/div>\n\t\t\t\t<\/div>\n\t\t","protected":false},"excerpt":{"rendered":"<p>Ukon\u010den\u00fd projekt Projekt: Jaguar ,\u00a0 Birningham, Spojen\u00e9 kr\u00e1\u013eovstvo Stavba v\u00fdrobnej linky Kuka<\/p>\n","protected":false},"author":1,"featured_media":0,"parent":0,"menu_order":0,"comment_status":"closed","ping_status":"closed","template":"","meta":{"_kad_post_transparent":"","_kad_post_title":"hide","_kad_post_layout":"fullwidth","_kad_post_sidebar_id":"","_kad_post_content_style":"unboxed","_kad_post_vertical_padding":"hide","_kad_post_feature":"hide","_kad_post_feature_position":"","_kad_post_header":false,"_kad_post_footer":false,"_kad_post_classname":"","footnotes":""},"class_list":["post-600","page","type-page","status-publish","hentry"],"_links":{"self":[{"href":"https:\/\/www.e-industria.eu\/index.php?rest_route=\/wp\/v2\/pages\/600","targetHints":{"allow":["GET"]}}],"collection":[{"href":"https:\/\/www.e-industria.eu\/index.php?rest_route=\/wp\/v2\/pages"}],"about":[{"href":"https:\/\/www.e-industria.eu\/index.php?rest_route=\/wp\/v2\/types\/page"}],"author":[{"embeddable":true,"href":"https:\/\/www.e-industria.eu\/index.php?rest_route=\/wp\/v2\/users\/1"}],"replies":[{"embeddable":true,"href":"https:\/\/www.e-industria.eu\/index.php?rest_route=%2Fwp%2Fv2%2Fcomments&post=600"}],"version-history":[{"count":4,"href":"https:\/\/www.e-industria.eu\/index.php?rest_route=\/wp\/v2\/pages\/600\/revisions"}],"predecessor-version":[{"id":607,"href":"https:\/\/www.e-industria.eu\/index.php?rest_route=\/wp\/v2\/pages\/600\/revisions\/607"}],"wp:attachment":[{"href":"https:\/\/www.e-industria.eu\/index.php?rest_route=%2Fwp%2Fv2%2Fmedia&parent=600"}],"curies":[{"name":"wp","href":"https:\/\/api.w.org\/{rel}","templated":true}]}}